{"id":571,"date":"2017-02-05T00:54:31","date_gmt":"2017-02-04T23:54:31","guid":{"rendered":"https:\/\/terrasses-brehat.fr\/?page_id=571\/"},"modified":"2020-08-07T17:03:44","modified_gmt":"2020-08-07T15:03:44","slug":"brehat","status":"publish","type":"page","link":"https:\/\/terrasses-brehat.fr\/en\/brehat\/","title":{"rendered":"Br\u00e9hat"},"content":{"rendered":"<div class=\"wpb-content-wrapper\"><p>[vc_row row_height_percent=&#8221;0&#8243; overlay_alpha=&#8221;50&#8243; gutter_size=&#8221;3&#8243; shift_y=&#8221;0&#8243; css=&#8221;.vc_custom_1485287848267{margin-top: 50px !important;}&#8221;][vc_column width=&#8221;1\/1&#8243;][vc_column_text css=&#8221;.vc_custom_1497877717609{padding-right: 25% !important;padding-bottom: 10px !important;padding-left: 25% !important;}&#8221;]<\/p>\n<p style=\"text-align: center;\">The Vedettes de Br\u00e9hat organizes tours to discover the island of Br\u00e9hat. Discover the area: Erquy, Val-Andr\u00e9, Br\u00e9hat, Binic, St Quay Portrieux\u2026 From the Pointe de L\u2019Arcouest, situated not far from Paimpol, the boats leave for visits of the island, also called the Flower Island.<\/p>\n<p>[\/vc_column_text][vc_single_image media=&#8221;412&#8243; media_width_percent=&#8221;100&#8243;][vc_row_inner row_inner_height_percent=&#8221;0&#8243; overlay_alpha=&#8221;50&#8243; equal_height=&#8221;yes&#8221; gutter_size=&#8221;3&#8243; shift_y=&#8221;0&#8243;][vc_column_inner width=&#8221;1\/2&#8243;][vc_column_text]<strong>DIRECT CROSSING<\/strong><\/p>\n<p>After a 10 minutes of crossing, you can discover the island of Br\u00e9hat all by yourself. Stroll around the island to discover the charming houses, flourishing gardens and the rocky coast of the Flower Island and its pink granite coast.<\/p>\n<p><strong>ISLAND TOUR<\/strong><\/p>\n<p>Commentated tour \u2013 approximately 45 min.<br \/>\nAn excellent way to discover the island of Br\u00e9hat. an unforgettable tour, followed by a stopover on the island for a free visit. Return at your convenience with a direct crossing.<br \/>\nIt is also possible to make special sea trips. Three trips proposed by the Vedettes de Br\u00e9hat.[\/vc_column_text][\/vc_column_inner][vc_column_inner width=&#8221;1\/2&#8243;][vc_column_text]<strong>PRIVATIZE A VEDETTE\u2026<\/strong><\/p>\n<p>According to your wishes, or on the occasion of a family or professional event, we can organize a maritime excursion on one of our boats. A lunch or maybe a cocktail on board; an original formula for a convivial and unforgettable moment.<\/p>\n<p>Three trips proposed by the Vedettes de Br\u00e9hat<\/p>\n<ul>\n<li>Erquy-Br\u00e9hat : day trip : 75 minutes\u2019 crossing, free afternoon on the island<\/li>\n<li>Binic-St-Quay-Portrieux-Br\u00e9hat : day trip<\/li>\n<li>The Trieux river : without stop-over to L\u00e9zardrieux \u2013 approximately 4h<\/li>\n<\/ul>\n<p>Reservations only for groups (at least 20 members).[\/vc_column_text][\/vc_column_inner][\/vc_row_inner][vc_column_text css=&#8221;.vc_custom_1486548961080{margin-bottom: 120px !important;}&#8221;]<\/p>\n<p style=\"text-align: center;\">Reservations and informations<\/p>\n<p style=\"text-align: center;\"><a class=\"vedettes-link\" href=\"http:\/\/www.vedettesdebrehat.com\" target=\"blank\" rel=\"noopener noreferrer\">www.vedettesdebrehat.com<\/a><\/p>\n<p>[\/vc_column_text][vc_column_text]<a class=\"ancre\" name=\"alentours\"><\/a>[\/vc_column_text][vc_custom_heading text_font=&#8221;font-973458&#8243; el_class=&#8221;titre-aux-alentours&#8221;]Surroundings[\/vc_custom_heading][\/vc_column][\/vc_row][vc_row row_height_percent=&#8221;0&#8243; override_padding=&#8221;yes&#8221; h_padding=&#8221;2&#8243; top_padding=&#8221;2&#8243; bottom_padding=&#8221;2&#8243; overlay_alpha=&#8221;50&#8243; equal_height=&#8221;yes&#8221; gutter_size=&#8221;0&#8243; shift_y=&#8221;0&#8243; el_class=&#8221;row-site-reverse&#8221;][vc_column column_width_percent=&#8221;100&#8243; overlay_alpha=&#8221;50&#8243; gutter_size=&#8221;3&#8243; medium_width=&#8221;0&#8243; shift_x=&#8221;0&#8243; shift_y=&#8221;0&#8243; z_index=&#8221;0&#8243; width=&#8221;5\/12&#8243; el_class=&#8221;black-description&#8221;][vc_custom_heading heading_semantic=&#8221;h3&#8243; text_size=&#8221;h3&#8243; text_font=&#8221;font-973895&#8243;]Ploubazlanec[\/vc_custom_heading][vc_column_text]Ploubazlanec is a special place, offering different landscapes rarely seen in Brittany. This little paradise stretches out for 19 kilometers along the coast.Ploubazlanec, and its ancient\u2019s villages, owe its reputation to the inhabitants all over the centuries but also at its geographical location: the ancient harbors where fishing boats set sail to Iceland, to the end of the world\u2026<\/p>\n<p>For more information : <a href=\"http:\/\/www.ploubazlanec.bzh\/\" target=\"_blank\" rel=\"noopener noreferrer\">http:\/\/www.ploubazlanec.bzh\/<\/a>[\/vc_column_text][\/vc_column][vc_column column_width_percent=&#8221;100&#8243; overlay_alpha=&#8221;50&#8243; gutter_size=&#8221;3&#8243; medium_width=&#8221;0&#8243; shift_x=&#8221;0&#8243; shift_y=&#8221;0&#8243; z_index=&#8221;0&#8243; width=&#8221;7\/12&#8243; el_class=&#8221;column-image-site&#8221;][vc_single_image media=&#8221;428&#8243; media_width_percent=&#8221;100&#8243;][\/vc_column][\/vc_row][vc_row row_height_percent=&#8221;0&#8243; overlay_alpha=&#8221;50&#8243; equal_height=&#8221;yes&#8221; gutter_size=&#8221;3&#8243; shift_y=&#8221;0&#8243; el_class=&#8221;row-site&#8221;][vc_column column_width_percent=&#8221;100&#8243; overlay_alpha=&#8221;50&#8243; gutter_size=&#8221;3&#8243; medium_width=&#8221;0&#8243; shift_x=&#8221;0&#8243; shift_y=&#8221;0&#8243; z_index=&#8221;0&#8243; width=&#8221;7\/12&#8243; el_class=&#8221;column-image-site&#8221;][vc_single_image media=&#8221;435&#8243; media_width_percent=&#8221;100&#8243;][\/vc_column][vc_column column_width_percent=&#8221;100&#8243; overlay_alpha=&#8221;50&#8243; gutter_size=&#8221;3&#8243; medium_width=&#8221;0&#8243; shift_x=&#8221;0&#8243; shift_y=&#8221;0&#8243; z_index=&#8221;0&#8243; width=&#8221;5\/12&#8243; el_class=&#8221;black-description&#8221;][vc_custom_heading heading_semantic=&#8221;h3&#8243; text_size=&#8221;h3&#8243; text_font=&#8221;font-973895&#8243;]Paimpol[\/vc_custom_heading][vc_column_text]Paimpol is a historic village by the sea. In former times its famous harbor sheltered the schooners on their way to Iceland, equipped for cod-fishing.<br \/>\nNowadays, the harbor welcomes many sailboats and pleasure boats.<br \/>\nTwo chapels, a church, an ancient cider works, the famous marine festival\u2026 it all makes Paimpol a charming village ready to be discovered.<\/p>\n<p>For more information : http:\/\/www.paimpol-goelo.com\/[\/vc_column_text][\/vc_column][\/vc_row][vc_row row_height_percent=&#8221;0&#8243; override_padding=&#8221;yes&#8221; h_padding=&#8221;2&#8243; top_padding=&#8221;2&#8243; bottom_padding=&#8221;2&#8243; overlay_alpha=&#8221;50&#8243; equal_height=&#8221;yes&#8221; gutter_size=&#8221;0&#8243; shift_y=&#8221;0&#8243; el_class=&#8221;row-site-reverse&#8221;][vc_column column_width_percent=&#8221;100&#8243; overlay_alpha=&#8221;50&#8243; gutter_size=&#8221;3&#8243; medium_width=&#8221;0&#8243; shift_x=&#8221;0&#8243; shift_y=&#8221;0&#8243; z_index=&#8221;0&#8243; width=&#8221;5\/12&#8243; el_class=&#8221;black-description&#8221;][vc_custom_heading heading_semantic=&#8221;h3&#8243; text_size=&#8221;h3&#8243; text_font=&#8221;font-973895&#8243;]Abbaye de Beauport[\/vc_custom_heading][vc_column_text]In the bay of Paimpol, facing the island of Brehat, the abbey of Beauport, a fascinating example of the religious Brittany architecture.<br \/>\nMember of the Network for Great sites in France, the abbey of Beauport and its 110 hectares are an exceptional historic, cultural and natural heritage.<br \/>\nIn Beauport\u2019s bay, the maritime landscape changes every hour.<\/p>\n<p>For more information: <a href=\"http:\/\/www.abbaye-beauport.com\/\" target=\"_blank\" rel=\"noopener noreferrer\">http:\/\/www.abbaye-beauport.com\/<\/a>[\/vc_column_text][\/vc_column][vc_column column_width_percent=&#8221;100&#8243; overlay_alpha=&#8221;50&#8243; gutter_size=&#8221;3&#8243; medium_width=&#8221;0&#8243; shift_x=&#8221;0&#8243; shift_y=&#8221;0&#8243; z_index=&#8221;0&#8243; width=&#8221;7\/12&#8243; el_class=&#8221;column-image-site&#8221;][vc_single_image media=&#8221;426&#8243; media_width_percent=&#8221;100&#8243;][\/vc_column][\/vc_row][vc_row row_height_percent=&#8221;0&#8243; overlay_alpha=&#8221;50&#8243; equal_height=&#8221;yes&#8221; gutter_size=&#8221;3&#8243; shift_y=&#8221;0&#8243; el_class=&#8221;row-site&#8221; css=&#8221;.vc_custom_1485293575205{margin-bottom: 80px !important;}&#8221;][vc_column column_width_percent=&#8221;100&#8243; overlay_alpha=&#8221;50&#8243; gutter_size=&#8221;3&#8243; medium_width=&#8221;0&#8243; shift_x=&#8221;0&#8243; shift_y=&#8221;0&#8243; z_index=&#8221;0&#8243; width=&#8221;7\/12&#8243; el_class=&#8221;column-image-site&#8221;][vc_single_image media=&#8221;431&#8243; media_width_percent=&#8221;100&#8243;][\/vc_column][vc_column column_width_percent=&#8221;100&#8243; overlay_alpha=&#8221;50&#8243; gutter_size=&#8221;3&#8243; medium_width=&#8221;0&#8243; shift_x=&#8221;0&#8243; shift_y=&#8221;0&#8243; z_index=&#8221;0&#8243; width=&#8221;5\/12&#8243; el_class=&#8221;black-description&#8221;][vc_custom_heading heading_semantic=&#8221;h3&#8243; text_size=&#8221;h3&#8243; text_font=&#8221;font-973895&#8243;]Le ch\u00e2teau de la Roche Jagu[\/vc_custom_heading][vc_column_text]In the heart of the Tr\u00e9gor, you will find the domain of la Roche Jagu.<br \/>\nNowadays, a proudly military fortress from the fifteenth century, renovated in accordance with former traditions. Almost 60 hectare of surrounding land has been acquired by the Department.<br \/>\nSince 1992, a part of it became a garden. The rest is covered by forest and fields, purchased bit by bit to preserve this site, classified since 1974 a pastoral and ecologic unity.<\/p>\n<p>For more information: <a href=\"http:\/\/www.larochejagu.fr\" target=\"_blank\" rel=\"noopener noreferrer\">http:\/\/www.larochejagu.fr<\/a>[\/vc_column_text][\/vc_column][\/vc_row]<\/p>\n<\/div>","protected":false},"excerpt":{"rendered":"<p>[vc_row row_height_percent=&#8221;0&#8243; overlay_alpha=&#8221;50&#8243; gutter_size=&#8221;3&#8243; shift_y=&#8221;0&#8243; css=&#8221;.vc_custom_1485287848267{margin-top: 50px !important;}&#8221;][vc_column width=&#8221;1\/1&#8243;][vc_column_text css=&#8221;.vc_custom_1497877717609{padding-right: 25% !important;padding-bottom: 10px !important;padding-left: 25% !important;}&#8221;] The Vedettes de Br\u00e9hat [&hellip;]<\/p>\n","protected":false},"author":2,"featured_media":820,"parent":0,"menu_order":0,"comment_status":"closed","ping_status":"closed","template":"","meta":{"_monsterinsights_skip_tracking":false,"_monsterinsights_sitenote_active":false,"_monsterinsights_sitenote_note":"","_monsterinsights_sitenote_category":0,"footnotes":""},"class_list":["post-571","page","type-page","status-publish","has-post-thumbnail","hentry"],"yoast_head":"<!-- This site is optimized with the Yoast SEO plugin v27.4 - https:\/\/yoast.com\/product\/yoast-seo-wordpress\/ -->\n<title>Br\u00e9hat - Les Terrasses de Brehat<\/title>\n<meta name=\"robots\" content=\"index, follow, max-snippet:-1, max-image-preview:large, max-video-preview:-1\" \/>\n<link rel=\"canonical\" href=\"https:\/\/terrasses-brehat.fr\/en\/brehat\/\" \/>\n<meta property=\"og:locale\" content=\"en_US\" \/>\n<meta property=\"og:type\" content=\"article\" \/>\n<meta property=\"og:title\" content=\"Br\u00e9hat - Les Terrasses de Brehat\" \/>\n<meta property=\"og:description\" content=\"[vc_row row_height_percent=&#8221;0&#8243; overlay_alpha=&#8221;50&#8243; gutter_size=&#8221;3&#8243; shift_y=&#8221;0&#8243; css=&#8221;.vc_custom_1485287848267{margin-top: 50px !important;}&#8221;][vc_column width=&#8221;1\/1&#8243;][vc_column_text css=&#8221;.vc_custom_1497877717609{padding-right: 25% !important;padding-bottom: 10px !important;padding-left: 25% !important;}&#8221;] The Vedettes de Br\u00e9hat [&hellip;]\" \/>\n<meta property=\"og:url\" content=\"https:\/\/terrasses-brehat.fr\/en\/brehat\/\" \/>\n<meta property=\"og:site_name\" content=\"Les Terrasses de Brehat\" \/>\n<meta property=\"article:modified_time\" content=\"2020-08-07T15:03:44+00:00\" \/>\n<meta property=\"og:image\" content=\"https:\/\/terrasses-brehat.fr\/wp-content\/uploads\/2016\/12\/Bandeau-brehat.jpg\" \/>\n\t<meta property=\"og:image:width\" content=\"1920\" \/>\n\t<meta property=\"og:image:height\" content=\"185\" \/>\n\t<meta property=\"og:image:type\" content=\"image\/jpeg\" \/>\n<meta name=\"twitter:card\" content=\"summary_large_image\" \/>\n<meta name=\"twitter:label1\" content=\"Est. reading time\" \/>\n\t<meta name=\"twitter:data1\" content=\"5 minutes\" \/>\n<script type=\"application\/ld+json\" class=\"yoast-schema-graph\">{\"@context\":\"https:\\\/\\\/schema.org\",\"@graph\":[{\"@type\":\"WebPage\",\"@id\":\"https:\\\/\\\/terrasses-brehat.fr\\\/en\\\/brehat\\\/\",\"url\":\"https:\\\/\\\/terrasses-brehat.fr\\\/en\\\/brehat\\\/\",\"name\":\"Br\u00e9hat - Les Terrasses de Brehat\",\"isPartOf\":{\"@id\":\"https:\\\/\\\/terrasses-brehat.fr\\\/#website\"},\"primaryImageOfPage\":{\"@id\":\"https:\\\/\\\/terrasses-brehat.fr\\\/en\\\/brehat\\\/#primaryimage\"},\"image\":{\"@id\":\"https:\\\/\\\/terrasses-brehat.fr\\\/en\\\/brehat\\\/#primaryimage\"},\"thumbnailUrl\":\"https:\\\/\\\/terrasses-brehat.fr\\\/wp-content\\\/uploads\\\/2016\\\/12\\\/Bandeau-brehat.jpg\",\"datePublished\":\"2017-02-04T23:54:31+00:00\",\"dateModified\":\"2020-08-07T15:03:44+00:00\",\"breadcrumb\":{\"@id\":\"https:\\\/\\\/terrasses-brehat.fr\\\/en\\\/brehat\\\/#breadcrumb\"},\"inLanguage\":\"en-US\",\"potentialAction\":[{\"@type\":\"ReadAction\",\"target\":[\"https:\\\/\\\/terrasses-brehat.fr\\\/en\\\/brehat\\\/\"]}]},{\"@type\":\"ImageObject\",\"inLanguage\":\"en-US\",\"@id\":\"https:\\\/\\\/terrasses-brehat.fr\\\/en\\\/brehat\\\/#primaryimage\",\"url\":\"https:\\\/\\\/terrasses-brehat.fr\\\/wp-content\\\/uploads\\\/2016\\\/12\\\/Bandeau-brehat.jpg\",\"contentUrl\":\"https:\\\/\\\/terrasses-brehat.fr\\\/wp-content\\\/uploads\\\/2016\\\/12\\\/Bandeau-brehat.jpg\",\"width\":1920,\"height\":185},{\"@type\":\"BreadcrumbList\",\"@id\":\"https:\\\/\\\/terrasses-brehat.fr\\\/en\\\/brehat\\\/#breadcrumb\",\"itemListElement\":[{\"@type\":\"ListItem\",\"position\":1,\"name\":\"Accueil\",\"item\":\"https:\\\/\\\/terrasses-brehat.fr\\\/en\\\/\"},{\"@type\":\"ListItem\",\"position\":2,\"name\":\"Br\u00e9hat\"}]},{\"@type\":\"WebSite\",\"@id\":\"https:\\\/\\\/terrasses-brehat.fr\\\/#website\",\"url\":\"https:\\\/\\\/terrasses-brehat.fr\\\/\",\"name\":\"Les Terrasses de Brehat\",\"description\":\"Une vue magique sur l&#039;Ile de Br\u00e9hat, un service exemplaire\",\"publisher\":{\"@id\":\"https:\\\/\\\/terrasses-brehat.fr\\\/#organization\"},\"potentialAction\":[{\"@type\":\"SearchAction\",\"target\":{\"@type\":\"EntryPoint\",\"urlTemplate\":\"https:\\\/\\\/terrasses-brehat.fr\\\/?s={search_term_string}\"},\"query-input\":{\"@type\":\"PropertyValueSpecification\",\"valueRequired\":true,\"valueName\":\"search_term_string\"}}],\"inLanguage\":\"en-US\"},{\"@type\":\"Organization\",\"@id\":\"https:\\\/\\\/terrasses-brehat.fr\\\/#organization\",\"name\":\"H\u00f4tel les Terrasses de Br\u00e9hat\",\"url\":\"https:\\\/\\\/terrasses-brehat.fr\\\/\",\"logo\":{\"@type\":\"ImageObject\",\"inLanguage\":\"en-US\",\"@id\":\"https:\\\/\\\/terrasses-brehat.fr\\\/#\\\/schema\\\/logo\\\/image\\\/\",\"url\":\"https:\\\/\\\/terrasses-brehat.fr\\\/wp-content\\\/uploads\\\/2017\\\/01\\\/bambou-trans.png\",\"contentUrl\":\"https:\\\/\\\/terrasses-brehat.fr\\\/wp-content\\\/uploads\\\/2017\\\/01\\\/bambou-trans.png\",\"width\":97,\"height\":84,\"caption\":\"H\u00f4tel les Terrasses de Br\u00e9hat\"},\"image\":{\"@id\":\"https:\\\/\\\/terrasses-brehat.fr\\\/#\\\/schema\\\/logo\\\/image\\\/\"}}]}<\/script>\n<!-- \/ Yoast SEO plugin. -->","yoast_head_json":{"title":"Br\u00e9hat - Les Terrasses de Brehat","robots":{"index":"index","follow":"follow","max-snippet":"max-snippet:-1","max-image-preview":"max-image-preview:large","max-video-preview":"max-video-preview:-1"},"canonical":"https:\/\/terrasses-brehat.fr\/en\/brehat\/","og_locale":"en_US","og_type":"article","og_title":"Br\u00e9hat - Les Terrasses de Brehat","og_description":"[vc_row row_height_percent=&#8221;0&#8243; overlay_alpha=&#8221;50&#8243; gutter_size=&#8221;3&#8243; shift_y=&#8221;0&#8243; css=&#8221;.vc_custom_1485287848267{margin-top: 50px !important;}&#8221;][vc_column width=&#8221;1\/1&#8243;][vc_column_text css=&#8221;.vc_custom_1497877717609{padding-right: 25% !important;padding-bottom: 10px !important;padding-left: 25% !important;}&#8221;] The Vedettes de Br\u00e9hat [&hellip;]","og_url":"https:\/\/terrasses-brehat.fr\/en\/brehat\/","og_site_name":"Les Terrasses de Brehat","article_modified_time":"2020-08-07T15:03:44+00:00","og_image":[{"width":1920,"height":185,"url":"https:\/\/terrasses-brehat.fr\/wp-content\/uploads\/2016\/12\/Bandeau-brehat.jpg","type":"image\/jpeg"}],"twitter_card":"summary_large_image","twitter_misc":{"Est. reading time":"5 minutes"},"schema":{"@context":"https:\/\/schema.org","@graph":[{"@type":"WebPage","@id":"https:\/\/terrasses-brehat.fr\/en\/brehat\/","url":"https:\/\/terrasses-brehat.fr\/en\/brehat\/","name":"Br\u00e9hat - Les Terrasses de Brehat","isPartOf":{"@id":"https:\/\/terrasses-brehat.fr\/#website"},"primaryImageOfPage":{"@id":"https:\/\/terrasses-brehat.fr\/en\/brehat\/#primaryimage"},"image":{"@id":"https:\/\/terrasses-brehat.fr\/en\/brehat\/#primaryimage"},"thumbnailUrl":"https:\/\/terrasses-brehat.fr\/wp-content\/uploads\/2016\/12\/Bandeau-brehat.jpg","datePublished":"2017-02-04T23:54:31+00:00","dateModified":"2020-08-07T15:03:44+00:00","breadcrumb":{"@id":"https:\/\/terrasses-brehat.fr\/en\/brehat\/#breadcrumb"},"inLanguage":"en-US","potentialAction":[{"@type":"ReadAction","target":["https:\/\/terrasses-brehat.fr\/en\/brehat\/"]}]},{"@type":"ImageObject","inLanguage":"en-US","@id":"https:\/\/terrasses-brehat.fr\/en\/brehat\/#primaryimage","url":"https:\/\/terrasses-brehat.fr\/wp-content\/uploads\/2016\/12\/Bandeau-brehat.jpg","contentUrl":"https:\/\/terrasses-brehat.fr\/wp-content\/uploads\/2016\/12\/Bandeau-brehat.jpg","width":1920,"height":185},{"@type":"BreadcrumbList","@id":"https:\/\/terrasses-brehat.fr\/en\/brehat\/#breadcrumb","itemListElement":[{"@type":"ListItem","position":1,"name":"Accueil","item":"https:\/\/terrasses-brehat.fr\/en\/"},{"@type":"ListItem","position":2,"name":"Br\u00e9hat"}]},{"@type":"WebSite","@id":"https:\/\/terrasses-brehat.fr\/#website","url":"https:\/\/terrasses-brehat.fr\/","name":"Les Terrasses de Brehat","description":"Une vue magique sur l&#039;Ile de Br\u00e9hat, un service exemplaire","publisher":{"@id":"https:\/\/terrasses-brehat.fr\/#organization"},"potentialAction":[{"@type":"SearchAction","target":{"@type":"EntryPoint","urlTemplate":"https:\/\/terrasses-brehat.fr\/?s={search_term_string}"},"query-input":{"@type":"PropertyValueSpecification","valueRequired":true,"valueName":"search_term_string"}}],"inLanguage":"en-US"},{"@type":"Organization","@id":"https:\/\/terrasses-brehat.fr\/#organization","name":"H\u00f4tel les Terrasses de Br\u00e9hat","url":"https:\/\/terrasses-brehat.fr\/","logo":{"@type":"ImageObject","inLanguage":"en-US","@id":"https:\/\/terrasses-brehat.fr\/#\/schema\/logo\/image\/","url":"https:\/\/terrasses-brehat.fr\/wp-content\/uploads\/2017\/01\/bambou-trans.png","contentUrl":"https:\/\/terrasses-brehat.fr\/wp-content\/uploads\/2017\/01\/bambou-trans.png","width":97,"height":84,"caption":"H\u00f4tel les Terrasses de Br\u00e9hat"},"image":{"@id":"https:\/\/terrasses-brehat.fr\/#\/schema\/logo\/image\/"}}]}},"_links":{"self":[{"href":"https:\/\/terrasses-brehat.fr\/en\/wp-json\/wp\/v2\/pages\/571","targetHints":{"allow":["GET"]}}],"collection":[{"href":"https:\/\/terrasses-brehat.fr\/en\/wp-json\/wp\/v2\/pages"}],"about":[{"href":"https:\/\/terrasses-brehat.fr\/en\/wp-json\/wp\/v2\/types\/page"}],"author":[{"embeddable":true,"href":"https:\/\/terrasses-brehat.fr\/en\/wp-json\/wp\/v2\/users\/2"}],"replies":[{"embeddable":true,"href":"https:\/\/terrasses-brehat.fr\/en\/wp-json\/wp\/v2\/comments?post=571"}],"version-history":[{"count":0,"href":"https:\/\/terrasses-brehat.fr\/en\/wp-json\/wp\/v2\/pages\/571\/revisions"}],"wp:featuredmedia":[{"embeddable":true,"href":"https:\/\/terrasses-brehat.fr\/en\/wp-json\/wp\/v2\/media\/820"}],"wp:attachment":[{"href":"https:\/\/terrasses-brehat.fr\/en\/wp-json\/wp\/v2\/media?parent=571"}],"curies":[{"name":"wp","href":"https:\/\/api.w.org\/{rel}","templated":true}]}}