{"id":1023,"date":"2017-03-31T13:36:42","date_gmt":"2017-03-31T11:36:42","guid":{"rendered":"https:\/\/terrasses-brehat.fr\/ecolabel\/"},"modified":"2017-04-04T10:02:27","modified_gmt":"2017-04-04T08:02:27","slug":"ecolabel","status":"publish","type":"page","link":"https:\/\/terrasses-brehat.fr\/en\/ecolabel\/","title":{"rendered":"Ecolabel"},"content":{"rendered":"<div class=\"wpb-content-wrapper\"><p>[vc_row row_height_percent=&#8221;0&#8243; overlay_alpha=&#8221;50&#8243; gutter_size=&#8221;3&#8243; shift_y=&#8221;0&#8243; css=&#8221;.vc_custom_1491292491724{padding-top: 100px !important;padding-bottom: 100px !important;}&#8221;][vc_column width=&#8221;1\/6&#8243;][\/vc_column][vc_column width=&#8221;2\/3&#8243;][vc_custom_heading text_font=&#8221;font-973458&#8243;]Notre d\u00e9marche \u00e9cologique[\/vc_custom_heading][vc_column_text]Toute l\u2019\u00e9quipe du Best Western Plus Les Terrasses de Br\u00e9hat s\u2019engage dans une d\u00e9marche \u00e9cologique concr\u00e8te, afin de r\u00e9duire notre impact sur la plan\u00e8te et vous invite \u00e0 la partager avec nous.<br \/>\nNous tenons \u00e0 votre disposition les d\u00e9tails de notre d\u00e9marche dans notre livret d\u2019accueil ainsi qu\u2019\u00e0 la r\u00e9ception. L\u2019affichage disponible dans votre chambre vous aidera \u00e0 comprendre les mesures prises par l\u2019\u00e9tablissement pour les \u00e9conomies d\u2019\u00e9nergie, d\u2019eau et la r\u00e9duction des d\u00e9chets.<\/p>\n<p>L\u2019\u00e9cologie est une mani\u00e8re simple pour permettre la protection des ressources naturelles et ainsi pr\u00e9server notre littoral et ce cadre de vie exceptionnel pour nos clients.<\/p>\n<p>Voici quelques exemples de mesures prise par l\u2019\u00e9tablissement :<\/p>\n<ul>\n<li>L\u2019\u00e9conomie d\u2019\u00e9nergie et d\u2019eau,<\/li>\n<li>La r\u00e9duction de notre production de d\u00e9chets,<\/li>\n<li>Nous utilisons des produits d\u2019entretien certifi\u00e9s <a href=\"http:\/\/www.ecolabels.fr\/\">Ecolabel<\/a>,<\/li>\n<li>Nos viennoiseries, p\u00e2tisseries, confitures, compotes du Petit d\u00e9jeuner sont \u00ab fait maison \u00bb,<\/li>\n<li>Nous privil\u00e9gions les achats \u00e9coresponsables (circuits courts, pas de suremballage).<\/li>\n<\/ul>\n<p>Nous esp\u00e9rons que vous appr\u00e9cierez cette d\u00e9marche, toute remarque visant \u00e0 nous am\u00e9liorer est la bienvenue. Nous sommes toujours \u00e0 votre \u00e9coute.<\/p>\n<p>Le 14\/04\/2015<br \/>\nMadame Anne-Lise CORLOU\u00cbR<br \/>\nDirectrice[\/vc_column_text][\/vc_column][vc_column width=&#8221;1\/6&#8243;][\/vc_column][\/vc_row]<\/p>\n<\/div>","protected":false},"excerpt":{"rendered":"<p>[vc_row row_height_percent=&#8221;0&#8243; overlay_alpha=&#8221;50&#8243; gutter_size=&#8221;3&#8243; shift_y=&#8221;0&#8243; css=&#8221;.vc_custom_1491292491724{padding-top: 100px !important;padding-bottom: 100px !important;}&#8221;][vc_column width=&#8221;1\/6&#8243;][\/vc_column][vc_column width=&#8221;2\/3&#8243;][vc_custom_heading text_font=&#8221;font-973458&#8243;]Notre d\u00e9marche \u00e9cologique[\/vc_custom_heading][vc_column_text]Toute l\u2019\u00e9quipe du Best Western Plus [&hellip;]<\/p>\n","protected":false},"author":2,"featured_media":820,"parent":0,"menu_order":0,"comment_status":"closed","ping_status":"closed","template":"","meta":{"_monsterinsights_skip_tracking":false,"_monsterinsights_sitenote_active":false,"_monsterinsights_sitenote_note":"","_monsterinsights_sitenote_category":0,"footnotes":""},"class_list":["post-1023","page","type-page","status-publish","has-post-thumbnail","hentry"],"yoast_head":"<!-- This site is optimized with the Yoast SEO plugin v27.3 - https:\/\/yoast.com\/product\/yoast-seo-wordpress\/ -->\n<title>Ecolabel - Les Terrasses de Brehat<\/title>\n<meta name=\"robots\" content=\"index, follow, max-snippet:-1, max-image-preview:large, max-video-preview:-1\" \/>\n<link rel=\"canonical\" href=\"https:\/\/terrasses-brehat.fr\/en\/ecolabel\/\" \/>\n<meta property=\"og:locale\" content=\"en_US\" \/>\n<meta property=\"og:type\" content=\"article\" \/>\n<meta property=\"og:title\" content=\"Ecolabel - Les Terrasses de Brehat\" \/>\n<meta property=\"og:description\" content=\"[vc_row row_height_percent=&#8221;0&#8243; overlay_alpha=&#8221;50&#8243; gutter_size=&#8221;3&#8243; shift_y=&#8221;0&#8243; css=&#8221;.vc_custom_1491292491724{padding-top: 100px !important;padding-bottom: 100px !important;}&#8221;][vc_column width=&#8221;1\/6&#8243;][\/vc_column][vc_column width=&#8221;2\/3&#8243;][vc_custom_heading text_font=&#8221;font-973458&#8243;]Notre d\u00e9marche \u00e9cologique[\/vc_custom_heading][vc_column_text]Toute l\u2019\u00e9quipe du Best Western Plus [&hellip;]\" \/>\n<meta property=\"og:url\" content=\"https:\/\/terrasses-brehat.fr\/en\/ecolabel\/\" \/>\n<meta property=\"og:site_name\" content=\"Les Terrasses de Brehat\" \/>\n<meta property=\"article:modified_time\" content=\"2017-04-04T08:02:27+00:00\" \/>\n<meta property=\"og:image\" content=\"https:\/\/terrasses-brehat.fr\/wp-content\/uploads\/2016\/12\/Bandeau-brehat.jpg\" \/>\n\t<meta property=\"og:image:width\" content=\"1920\" \/>\n\t<meta property=\"og:image:height\" content=\"185\" \/>\n\t<meta property=\"og:image:type\" content=\"image\/jpeg\" \/>\n<meta name=\"twitter:card\" content=\"summary_large_image\" \/>\n<meta name=\"twitter:label1\" content=\"Est. reading time\" \/>\n\t<meta name=\"twitter:data1\" content=\"1 minute\" \/>\n<script type=\"application\/ld+json\" class=\"yoast-schema-graph\">{\"@context\":\"https:\\\/\\\/schema.org\",\"@graph\":[{\"@type\":\"WebPage\",\"@id\":\"https:\\\/\\\/terrasses-brehat.fr\\\/en\\\/ecolabel\\\/\",\"url\":\"https:\\\/\\\/terrasses-brehat.fr\\\/en\\\/ecolabel\\\/\",\"name\":\"Ecolabel - Les Terrasses de Brehat\",\"isPartOf\":{\"@id\":\"https:\\\/\\\/terrasses-brehat.fr\\\/#website\"},\"primaryImageOfPage\":{\"@id\":\"https:\\\/\\\/terrasses-brehat.fr\\\/en\\\/ecolabel\\\/#primaryimage\"},\"image\":{\"@id\":\"https:\\\/\\\/terrasses-brehat.fr\\\/en\\\/ecolabel\\\/#primaryimage\"},\"thumbnailUrl\":\"https:\\\/\\\/terrasses-brehat.fr\\\/wp-content\\\/uploads\\\/2016\\\/12\\\/Bandeau-brehat.jpg\",\"datePublished\":\"2017-03-31T11:36:42+00:00\",\"dateModified\":\"2017-04-04T08:02:27+00:00\",\"breadcrumb\":{\"@id\":\"https:\\\/\\\/terrasses-brehat.fr\\\/en\\\/ecolabel\\\/#breadcrumb\"},\"inLanguage\":\"en-US\",\"potentialAction\":[{\"@type\":\"ReadAction\",\"target\":[\"https:\\\/\\\/terrasses-brehat.fr\\\/en\\\/ecolabel\\\/\"]}]},{\"@type\":\"ImageObject\",\"inLanguage\":\"en-US\",\"@id\":\"https:\\\/\\\/terrasses-brehat.fr\\\/en\\\/ecolabel\\\/#primaryimage\",\"url\":\"https:\\\/\\\/terrasses-brehat.fr\\\/wp-content\\\/uploads\\\/2016\\\/12\\\/Bandeau-brehat.jpg\",\"contentUrl\":\"https:\\\/\\\/terrasses-brehat.fr\\\/wp-content\\\/uploads\\\/2016\\\/12\\\/Bandeau-brehat.jpg\",\"width\":1920,\"height\":185},{\"@type\":\"BreadcrumbList\",\"@id\":\"https:\\\/\\\/terrasses-brehat.fr\\\/en\\\/ecolabel\\\/#breadcrumb\",\"itemListElement\":[{\"@type\":\"ListItem\",\"position\":1,\"name\":\"Accueil\",\"item\":\"https:\\\/\\\/terrasses-brehat.fr\\\/en\\\/\"},{\"@type\":\"ListItem\",\"position\":2,\"name\":\"Ecolabel\"}]},{\"@type\":\"WebSite\",\"@id\":\"https:\\\/\\\/terrasses-brehat.fr\\\/#website\",\"url\":\"https:\\\/\\\/terrasses-brehat.fr\\\/\",\"name\":\"Les Terrasses de Brehat\",\"description\":\"Une vue magique sur l&#039;Ile de Br\u00e9hat, un service exemplaire\",\"publisher\":{\"@id\":\"https:\\\/\\\/terrasses-brehat.fr\\\/#organization\"},\"potentialAction\":[{\"@type\":\"SearchAction\",\"target\":{\"@type\":\"EntryPoint\",\"urlTemplate\":\"https:\\\/\\\/terrasses-brehat.fr\\\/?s={search_term_string}\"},\"query-input\":{\"@type\":\"PropertyValueSpecification\",\"valueRequired\":true,\"valueName\":\"search_term_string\"}}],\"inLanguage\":\"en-US\"},{\"@type\":\"Organization\",\"@id\":\"https:\\\/\\\/terrasses-brehat.fr\\\/#organization\",\"name\":\"H\u00f4tel les Terrasses de Br\u00e9hat\",\"url\":\"https:\\\/\\\/terrasses-brehat.fr\\\/\",\"logo\":{\"@type\":\"ImageObject\",\"inLanguage\":\"en-US\",\"@id\":\"https:\\\/\\\/terrasses-brehat.fr\\\/#\\\/schema\\\/logo\\\/image\\\/\",\"url\":\"https:\\\/\\\/terrasses-brehat.fr\\\/wp-content\\\/uploads\\\/2017\\\/01\\\/bambou-trans.png\",\"contentUrl\":\"https:\\\/\\\/terrasses-brehat.fr\\\/wp-content\\\/uploads\\\/2017\\\/01\\\/bambou-trans.png\",\"width\":97,\"height\":84,\"caption\":\"H\u00f4tel les Terrasses de Br\u00e9hat\"},\"image\":{\"@id\":\"https:\\\/\\\/terrasses-brehat.fr\\\/#\\\/schema\\\/logo\\\/image\\\/\"}}]}<\/script>\n<!-- \/ Yoast SEO plugin. -->","yoast_head_json":{"title":"Ecolabel - Les Terrasses de Brehat","robots":{"index":"index","follow":"follow","max-snippet":"max-snippet:-1","max-image-preview":"max-image-preview:large","max-video-preview":"max-video-preview:-1"},"canonical":"https:\/\/terrasses-brehat.fr\/en\/ecolabel\/","og_locale":"en_US","og_type":"article","og_title":"Ecolabel - Les Terrasses de Brehat","og_description":"[vc_row row_height_percent=&#8221;0&#8243; overlay_alpha=&#8221;50&#8243; gutter_size=&#8221;3&#8243; shift_y=&#8221;0&#8243; css=&#8221;.vc_custom_1491292491724{padding-top: 100px !important;padding-bottom: 100px !important;}&#8221;][vc_column width=&#8221;1\/6&#8243;][\/vc_column][vc_column width=&#8221;2\/3&#8243;][vc_custom_heading text_font=&#8221;font-973458&#8243;]Notre d\u00e9marche \u00e9cologique[\/vc_custom_heading][vc_column_text]Toute l\u2019\u00e9quipe du Best Western Plus [&hellip;]","og_url":"https:\/\/terrasses-brehat.fr\/en\/ecolabel\/","og_site_name":"Les Terrasses de Brehat","article_modified_time":"2017-04-04T08:02:27+00:00","og_image":[{"width":1920,"height":185,"url":"https:\/\/terrasses-brehat.fr\/wp-content\/uploads\/2016\/12\/Bandeau-brehat.jpg","type":"image\/jpeg"}],"twitter_card":"summary_large_image","twitter_misc":{"Est. reading time":"1 minute"},"schema":{"@context":"https:\/\/schema.org","@graph":[{"@type":"WebPage","@id":"https:\/\/terrasses-brehat.fr\/en\/ecolabel\/","url":"https:\/\/terrasses-brehat.fr\/en\/ecolabel\/","name":"Ecolabel - Les Terrasses de Brehat","isPartOf":{"@id":"https:\/\/terrasses-brehat.fr\/#website"},"primaryImageOfPage":{"@id":"https:\/\/terrasses-brehat.fr\/en\/ecolabel\/#primaryimage"},"image":{"@id":"https:\/\/terrasses-brehat.fr\/en\/ecolabel\/#primaryimage"},"thumbnailUrl":"https:\/\/terrasses-brehat.fr\/wp-content\/uploads\/2016\/12\/Bandeau-brehat.jpg","datePublished":"2017-03-31T11:36:42+00:00","dateModified":"2017-04-04T08:02:27+00:00","breadcrumb":{"@id":"https:\/\/terrasses-brehat.fr\/en\/ecolabel\/#breadcrumb"},"inLanguage":"en-US","potentialAction":[{"@type":"ReadAction","target":["https:\/\/terrasses-brehat.fr\/en\/ecolabel\/"]}]},{"@type":"ImageObject","inLanguage":"en-US","@id":"https:\/\/terrasses-brehat.fr\/en\/ecolabel\/#primaryimage","url":"https:\/\/terrasses-brehat.fr\/wp-content\/uploads\/2016\/12\/Bandeau-brehat.jpg","contentUrl":"https:\/\/terrasses-brehat.fr\/wp-content\/uploads\/2016\/12\/Bandeau-brehat.jpg","width":1920,"height":185},{"@type":"BreadcrumbList","@id":"https:\/\/terrasses-brehat.fr\/en\/ecolabel\/#breadcrumb","itemListElement":[{"@type":"ListItem","position":1,"name":"Accueil","item":"https:\/\/terrasses-brehat.fr\/en\/"},{"@type":"ListItem","position":2,"name":"Ecolabel"}]},{"@type":"WebSite","@id":"https:\/\/terrasses-brehat.fr\/#website","url":"https:\/\/terrasses-brehat.fr\/","name":"Les Terrasses de Brehat","description":"Une vue magique sur l&#039;Ile de Br\u00e9hat, un service exemplaire","publisher":{"@id":"https:\/\/terrasses-brehat.fr\/#organization"},"potentialAction":[{"@type":"SearchAction","target":{"@type":"EntryPoint","urlTemplate":"https:\/\/terrasses-brehat.fr\/?s={search_term_string}"},"query-input":{"@type":"PropertyValueSpecification","valueRequired":true,"valueName":"search_term_string"}}],"inLanguage":"en-US"},{"@type":"Organization","@id":"https:\/\/terrasses-brehat.fr\/#organization","name":"H\u00f4tel les Terrasses de Br\u00e9hat","url":"https:\/\/terrasses-brehat.fr\/","logo":{"@type":"ImageObject","inLanguage":"en-US","@id":"https:\/\/terrasses-brehat.fr\/#\/schema\/logo\/image\/","url":"https:\/\/terrasses-brehat.fr\/wp-content\/uploads\/2017\/01\/bambou-trans.png","contentUrl":"https:\/\/terrasses-brehat.fr\/wp-content\/uploads\/2017\/01\/bambou-trans.png","width":97,"height":84,"caption":"H\u00f4tel les Terrasses de Br\u00e9hat"},"image":{"@id":"https:\/\/terrasses-brehat.fr\/#\/schema\/logo\/image\/"}}]}},"_links":{"self":[{"href":"https:\/\/terrasses-brehat.fr\/en\/wp-json\/wp\/v2\/pages\/1023","targetHints":{"allow":["GET"]}}],"collection":[{"href":"https:\/\/terrasses-brehat.fr\/en\/wp-json\/wp\/v2\/pages"}],"about":[{"href":"https:\/\/terrasses-brehat.fr\/en\/wp-json\/wp\/v2\/types\/page"}],"author":[{"embeddable":true,"href":"https:\/\/terrasses-brehat.fr\/en\/wp-json\/wp\/v2\/users\/2"}],"replies":[{"embeddable":true,"href":"https:\/\/terrasses-brehat.fr\/en\/wp-json\/wp\/v2\/comments?post=1023"}],"version-history":[{"count":0,"href":"https:\/\/terrasses-brehat.fr\/en\/wp-json\/wp\/v2\/pages\/1023\/revisions"}],"wp:featuredmedia":[{"embeddable":true,"href":"https:\/\/terrasses-brehat.fr\/en\/wp-json\/wp\/v2\/media\/820"}],"wp:attachment":[{"href":"https:\/\/terrasses-brehat.fr\/en\/wp-json\/wp\/v2\/media?parent=1023"}],"curies":[{"name":"wp","href":"https:\/\/api.w.org\/{rel}","templated":true}]}}